{"id":22,"date":"2022-03-17T09:50:12","date_gmt":"2022-03-17T09:50:12","guid":{"rendered":"http:\/\/spd.d3v\/?page_id=22"},"modified":"2022-09-20T10:00:11","modified_gmt":"2022-09-20T08:00:11","slug":"datenschutz","status":"publish","type":"page","link":"https:\/\/spdbb.site\/panketal-spd\/datenschutz\/","title":{"rendered":"Datenschutz"},"content":{"rendered":"<h2><span style=\"color: #e30a17;\">1. WIR SIND VERANTWORTLICH F\u00dcR IHRE DATEN.<\/span><\/h2>\n<p>Als Besucher*in unserer Website erwarten Sie nicht nur von unserer politischen Arbeit, sondern auch bei der Verarbeitung Ihrer personenbezogenen Daten ein hohes Ma\u00df an Qualit\u00e4t und Kompetenz. Wir sind verantwortlich f\u00fcr den Umgang mit Ihren Daten, die wir nach Ihren W\u00fcnschen und nach den Vorgaben der deutschen und EU-Datenschutzgesetze verarbeiten. Ihre personenbezogenen Daten werden von uns nur verarbeitet, sofern eine Rechtsvorschrift dies erlaubt oder Sie zuvor eingewilligt haben. Wir, das ist die SPD Brandenburg sowie <span style=\"font-size: revert; color: initial;\">und unsere Dienstleister, die Ihre Daten in unserem Auftrag f\u00fcr die unten angegebenen Zwecke verarbeiten.\u00a0<\/span>Zu unseren Dienstleistern geh\u00f6ren z. B. Kommunikationsagenturen, Druckereien, Lettershops, Logistikunternehmen, E-Mail-Dienstleister, Rechenzentren, Zahlungs- und Spendendienstleister. Sie erreichen uns neben der im Impressum genannten Postanschrift auch per E-Mail unter brandenburg@spd.de. Es ist uns wichtig, dass Sie aus den nachfolgenden Hinweisen jederzeit erfahren k\u00f6nnen, welche personenbezogenen Daten w\u00e4hrend Ihres Besuchs auf unserer Website und bei der Inanspruchnahme unserer Leistungen erhoben werden und wie wir diese danach verarbeiten.<\/p>\n<h2><span style=\"color: #e30a17;\">2. WIE SICHER SIND IHRE DATEN?<\/span><\/h2>\n<p>Wir treffen technische und organisatorische Sicherheitsvorkehrungen, um Ihre personenbezogenen Daten gegen zuf\u00e4llige oder vors\u00e4tzliche Manipulationen, Verlust, Zerst\u00f6rung oder gegen den Zugriff unberechtigter Personen zu sch\u00fctzen und den Schutz Ihrer Rechte und die Einhaltung der anwendbaren datenschutzrechtlichen Bestimmungen der EU und der Bundesrepublik Deutschland zu gew\u00e4hrleisten.\u00a0Die ergriffenen Ma\u00dfnahmen sollen die Vertraulichkeit und Integrit\u00e4t Ihrer Daten gew\u00e4hrleisten sowie die Verf\u00fcgbarkeit und Belastbarkeit der Systeme und Dienste bei der Verarbeitung Ihrer Daten auf Dauer sicherstellen. Sie sollen au\u00dferdem die Verf\u00fcgbarkeit der Daten und den Zugang zu ihnen bei einem physischen oder technischen Zwischenfall rasch wiederherstellen.\u00a0Zu unseren Sicherheitsma\u00dfnahmen geh\u00f6rt auch eine Verschl\u00fcsselung Ihrer Daten. Alle Informationen, die Sie online eingeben, werden technisch verschl\u00fcsselt und erst dann \u00fcbermittelt. Dadurch k\u00f6nnen diese Informationen zu keinem Zeitpunkt von unbefugten Dritten eingesehen werden.\u00a0Unsere Datenverarbeitung und unsere Sicherheitsma\u00dfnahmen werden entsprechend der technologischen Entwicklung fortlaufend verbessert.\u00a0Alle Personen, die an dieser Webseite mitarbeiten, sind selbstverst\u00e4ndlich schriftlich zur Vertraulichkeit verpflichtet (Datengeheimnis).<\/p>\n<h2><span style=\"color: #e30a17;\">3. UNSER DATENSCHUTZBEAUFTRAGTER<\/span><\/h2>\n<p>Wenn Sie eine Frage zum Datenschutz oder zur Datensicherheit haben erreichen Sie den Datenschutzbeauftragten der SPD Brandenburg per E-Mail unter\u00a0<a href=\"mailto:datenschutz.bb@spd.de\">Datenschutz.BB@spd.de<\/a>\u00a0oder per Post unter SPD Brandenburg, Datenschutzbeauftragter, Alleestra\u00dfe 9, 14469 Potsdam.<\/p>\n<h2><span style=\"color: #e30a17;\">4. WAS SIND PERSONENBEZOGENEN DATEN?<\/span><\/h2>\n<p>Personenbezogene Daten sind Daten, \u00fcber die Sie identifiziert werden oder identifizierbar sind. Hierzu geh\u00f6ren Daten, die Sie uns mitteilen wie z. B. Ihre Adressdaten, Telekommunikationsdaten, Registrierungsdaten, Spendendaten, Kontodaten, Bewerbungsdaten oder Ihre Interessen, aber auch Daten, die automatisiert bei der Nutzung unserer Website verarbeitet werden wie z. B. Ihre IP-Adresse.<\/p>\n<h2><span style=\"color: #e30a17;\">5. WOF\u00dcR WERDEN IHRE DATEN VERARBEITET?<\/span><\/h2>\n<p><strong>Anfragen<\/strong><br \/>\nWenn Sie Fragen oder W\u00fcnsche haben, stehen wir Ihnen gerne zur Verf\u00fcgung. Wir verarbeiten Ihre Angaben zur Beantwortung Ihrer Anfragen (Artikel. 6 Absatz 1 b, f Datenschutz-Grundverordnung (DSGVO)). Die Mitteilung von als Pflichtangaben gekennzeichneten Adress- und Telekommunikationsdaten ist dabei erforderlich, um Ihr Anliegen bearbeiten und beantworten zu k\u00f6nnen. Die freiwillige Angabe weiterer Daten erleichtert uns die Bearbeitung Ihrer Anfrage.<\/p>\n<p>Die Angaben aus Ihrer Anfrage speichern wir nach Beantwortung der Anfrage im Regelfall f\u00fcr zw\u00f6lf Monate f\u00fcr den Fall weiterer Nachfragen, falls es sich nicht um Handels-oder Gesch\u00e4ftsbriefe handelt, diese speichern wir f\u00fcr mindestens sechs Jahre.<\/p>\n<p><strong>Spenden<\/strong><br \/>\nIhre erforderlichen Adress-, Telekommunikations-, Spenden- und Kontodaten aus Ihrer Spende werden \u2013 auch soweit Ihre politische Meinung betroffen ist \u2013 durch die SPD Brandenburg und ihren Dienstleister (GR\u00dcN Software Group GmbH, Pascalstra\u00dfe 6, 52076 Aachen) zur Abwicklung Ihrer Spende verarbeitet (Artikel 6 Absatz 1 b DSGVO).<\/p>\n<p>Eine oder mehrere Zuwendungen einer Person an die Partei, deren Summe im Kalenderjahr den Betrag von 10.000 Euro \u00fcberschreitet, werden mit Namen und Anschrift des\/der Zuwendenden sowie der Gesamth\u00f6he der Zuwendung in unserem j\u00e4hrlichen Rechenschaftsbericht ver\u00f6ffentlicht. Spenden, die im Einzelfall die Summe von 50.000 Euro \u00fcberschreiten, werden dem Bundestagspr\u00e4sidenten unverz\u00fcglich gemeldet, der sie zeitnah als Bundestagsdrucksache ver\u00f6ffentlicht. (Artikel 6 Absatz 1 c DSGVO).<\/p>\n<p>Ihre f\u00fcr die Spende relevanten Daten und die dazu geh\u00f6rigen Dokumente (z. B. Handelsbriefe, Spendenquittung, Zuwendungsbest\u00e4tigungen) speichern wir au\u00dferdem gem\u00e4\u00df der gesetzlichen Anforderungen nach den gesetzlichen Vorschriften f\u00fcr mindestens 10 Jahre.<\/p>\n<p><strong>Informationen per E-Mail bzw. SMS<\/strong><br \/>\nWenn Sie von uns Informationen per E-Mail bzw. SMS erhalten, z.B. \u00fcber politische Themen und Veranstaltungen oder Pressemitteilungen (Artikel 6 Absatz 1 a DSGVO), k\u00f6nnen Sie dem jederzeit widersprechen.<\/p>\n<p>Ihre verpflichtenden Angaben bei Erteilung Ihrer Einwilligung verarbeiten wir, um Ihnen die von Ihnen gew\u00e4hlten E-Mail-Nachrichten zusenden und Sie pers\u00f6nlich ansprechen zu k\u00f6nnen.<\/p>\n<p>Ihre f\u00fcr Zwecke der SMS-\/E-Mail-Information erhobenen Daten speichern wir nur solange der Werbezweck besteht und rechtm\u00e4\u00dfig erreichbar ist, insbesondere nur bis uns ein Widerruf Ihrer Einwilligung oder Ihr Widerspruch gegen die Verarbeitung Ihrer Daten f\u00fcr Werbezwecke erreicht (s. Widerspruchs- und Widerrufsrecht). Soweit es sich bei E-Mail-Informationen um Handels- oder Gesch\u00e4ftsbriefe handelt, speichern wir diese f\u00fcr mindestens sechs Jahre.<\/p>\n<p><strong>Verl\u00e4ngerte Speicherfristen<\/strong><br \/>\nDie angegebenen Speicherfristen k\u00f6nnen sich entsprechend verl\u00e4ngern, wenn im Einzelfall, insbesondere wenn die Daten f\u00fcr verschiedene Zwecke verarbeitet werden, eine l\u00e4ngere gesetzliche oder vertragliche Aufbewahrungsfrist oder -m\u00f6glichkeit besteht.<\/p>\n<h2><span style=\"color: #e30a17;\">6. JEDERZEITIGES WIDERSPRUCHS- UND WIDERRUFSRECHT<\/span><\/h2>\n<p>Sie haben das Recht, jederzeit aus Gr\u00fcnden, die sich aus Ihrer besonderen Situation ergeben, bei Vorliegen der gesetzlichen Voraussetzungen gegen die Verarbeitung Ihrer Daten Widerspruch einzulegen (Artikel 21 Absatz 1 DSGVO).<\/p>\n<p>Wenn Sie der Verarbeitung Ihrer Daten f\u00fcr Werbezwecke widersprechen (Artikel 21 Absatz 2 DSGVO) oder eine erteilte Einwilligung widerrufen m\u00f6chten, gen\u00fcgt jederzeit eine kurze Nachricht an unseren Datenschutzbeauftragen per E-Mail an\u00a0<a href=\"mailto:datenschutz.bb@spd.de\">Datenschutz.BB@spd.de<\/a>\u00a0oder per Post an SPD Brandenburg, Datenschutzbeauftragter, Alleestra\u00dfe 9, 14469 Potsdam. Ihre Daten werden dann nicht mehr f\u00fcr die vom Werbewiderspruch oder dem Widerruf der Einwilligung erfassten Zwecke der Werbung verarbeitet.<\/p>\n<p>Die Rechtm\u00e4\u00dfigkeit der bis zum Widerspruch bzw. Widerruf erfolgten Verarbeitung bleibt dadurch unber\u00fchrt.<\/p>\n<p>Nach Ihrem Widerspruch gegen die Verarbeitung Ihrer personenbezogenen Daten f\u00fcr Werbezwecke bzw. dem Widerruf Ihrer Einwilligung, sind wir datenschutzrechtlich nach den Vorgaben der deutschen Datenschutzaufsichtsbeh\u00f6rden verpflichtet, die hierf\u00fcr erforderlichen Daten (Name, Anschrift, E-Mail-Adresse) in unsere interne Werbesperrliste aufzunehmen und dauerhaft \u2013 nur f\u00fcr diesen Zweck \u2013 zu speichern (zu sperren) und zum Abgleich mit unseren k\u00fcnftigen Werbedateien zu verwenden. (Artikel 21 Absatz 3, Artikel 17 Absatz 3 b, Artikel 6 Absatz 1 c DSGVO). So l\u00e4sst sich die Beachtung Ihres Werbewiderspruch bzw. des Widerrufs Ihrer Einwilligung dauerhaft sicherstellen.<\/p>\n<h2><span style=\"color: #e30a17;\">7. DRITTANBIETERINHALTE<\/span><\/h2>\n<p>Wir stellen auf unserer Webseite auch Inhalte von Drittanbietern dar. Diese sind als empfohlener Inhalt gesondert gekennzeichnet. Da es bei der Darstellung der Drittanbieterinhalte zur \u00dcbertragung ihrer personenbezogenen Daten an den Drittanbieter kommen kann, werden die Inhalte nur mit Ihrer Einwilligung angezeigt.<\/p>\n<p><strong>YouTube<\/strong><br \/>\nAuf unserer Website werden YouTube-Videos eingebunden, die bei YouTube (Google Inc., Amphitheater Parkway, Mountain View, CA 94043, USA) gespeichert, aber auf unserer Website abspielbar sind, um Ihnen entsprechende Berichte auf unserer Website darstellen und erl\u00e4utern zu k\u00f6nnen. (Artikel 6 Absatz 1 a DSGVO).<\/p>\n<p>Durch ihre Einwilligung zum Abspielen der Videos k\u00f6nnen Cookies von YouTube bzw. DoubleClick (Google, USA) gesetzt werden und Daten an diese in die USA \u00fcbermittelt werden, wie z. B. Ihre IP-Adresse und Cookie-ID, die spezifische Adresse der bei uns aufgerufenen Seite, Systemdatum und Zeit des Aufrufs, Kennung Ihres Browsers. Zwecke und Umfang der Datenerhebung und -verarbeitung durch YouTube bzw. DoubleClick entnehmen Sie bitte den Informationen bei Google:\u00a0<a href=\"https:\/\/www.google.de\/intl\/de\/policies\/privacy\/\" target=\"_blank\" rel=\"noreferrer noopener\">https:\/\/www.google.de\/intl\/de\/policies\/privacy\/<\/a>. Google hat sich dem EU-Privacy-Shield unterworfen (Zertifikat abrufbar unter:\u00a0<a href=\"https:\/\/www.privacyshield.gov\/participant?id=a2zt000000001L5AAI\" target=\"_blank\" rel=\"noreferrer noopener\">https:\/\/www.privacyshield.gov\/participant?id=a2zt000000001L5AAI<\/a>). Das EU-Privacy-Shield kann nach einer Entscheidung der EU-Kommission als Grundlage genutzt werden, um personenbezogene Daten aus Europa an solche U.S.-Unternehmen zu transferieren, die sich gem\u00e4\u00df dem Privacy Shield zertifiziert haben.<\/p>\n<p>Die Daten\u00fcbertragung erfolgt unabh\u00e4ngig davon, ob Sie bei YouTube bzw. Google ein Nutzerkonto innehaben, \u00fcber das Sie eingeloggt sind, oder ob f\u00fcr Sie kein Nutzerkonto besteht. Wenn Sie eingeloggt sind, k\u00f6nnen diese Daten unmittelbar Ihrem Konto zugeordnet werden.<\/p>\n<h2><span style=\"color: #e30a17;\">8. WIE K\u00d6NNEN SIE IHRE DATENSCHUTZRECHTE WAHRNEHMEN?<\/span><\/h2>\n<p>Wenn Sie Fragen zu der Verarbeitung Ihrer personenbezogenen Daten durch uns haben, erteilen wir Ihnen selbstverst\u00e4ndlich gerne Auskunft \u00fcber die Sie betreffenden Daten (Artikel 15 DSGVO).<\/p>\n<p>Au\u00dferdem haben Sie bei Vorliegen der gesetzlichen Voraussetzungen ein Recht auf Berichtigung (Artikel 16 DSGVO), L\u00f6schung (Artikel 17 DSGVO), Einschr\u00e4nkung der Verarbeitung (Artikel 18 DSGVO) und Widerspruch (Artikel 21 DSGVO) und Daten\u00fcbertragbarkeit (Artikel 20 DSGVO).<\/p>\n<p>Bitte wenden Sie sich in all diesen F\u00e4llen an unseren Datenschutzbeauftragten unter den dort genannten Kommunikationsadressen.<\/p>\n<p>Schlie\u00dflich haben Sie das Recht auf Beschwerde bei einer zust\u00e4ndigen\u00a0<a href=\"https:\/\/www.lda.brandenburg.de\/\" target=\"_blank\" rel=\"noreferrer noopener\">Datenschutz-Aufsichtsbeh\u00f6rde<\/a>\u00a0(Artikel 77 DSGVO, \u00a7 19 BDSG).<\/p>\n<h2><span style=\"color: #e30a17;\">9. \u00c4NDERUNGEN<\/span><\/h2>\n<p>Von Zeit zu Zeit ist es erforderlich, den Inhalt der vorliegenden Hinweise zum Datenschutz f\u00fcr zuk\u00fcnftig erhobene Daten anzupassen. Wir behalten uns daher vor, diese Hinweise jederzeit zu \u00e4ndern. Wir werden die ge\u00e4nderte Version der Datenschutzhinweise ebenfalls an dieser Stelle ver\u00f6ffentlichen. Wenn Sie uns wieder besuchen, sollten Sie sich daher die Datenschutzhinweise erneut durchlesen.<\/p>\n<p><strong>Stand: August\u00a0 2022<\/strong><\/p>\n","protected":false},"excerpt":{"rendered":"<p>1. WIR SIND VERANTWORTLICH F\u00dcR IHRE DATEN. Als Besucher*in unserer Website erwarten Sie nicht nur von unserer politischen Arbeit, sondern&#8230;<\/p>\n","protected":false},"author":1,"featured_media":0,"parent":0,"menu_order":0,"comment_status":"closed","ping_status":"closed","template":"template-impressum.php","meta":{"_acf_changed":false,"footnotes":""},"class_list":["post-22","page","type-page","status-publish","hentry"],"acf":[],"yoast_head":"<!-- This site is optimized with the Yoast SEO plugin v27.5 - https:\/\/yoast.com\/product\/yoast-seo-wordpress\/ -->\n<title>Datenschutz - 000_Test<\/title>\n<meta name=\"robots\" content=\"index, follow, max-snippet:-1, max-image-preview:large, max-video-preview:-1\" \/>\n<link rel=\"canonical\" href=\"https:\/\/spdbb.site\/panketal-spd\/datenschutz\/\" \/>\n<meta property=\"og:locale\" content=\"de_DE\" \/>\n<meta property=\"og:type\" content=\"article\" \/>\n<meta property=\"og:title\" content=\"Datenschutz - 000_Test\" \/>\n<meta property=\"og:description\" content=\"1. WIR SIND VERANTWORTLICH F\u00dcR IHRE DATEN. Als Besucher*in unserer Website erwarten Sie nicht nur von unserer politischen Arbeit, sondern...\" \/>\n<meta property=\"og:url\" content=\"https:\/\/spdbb.site\/panketal-spd\/datenschutz\/\" \/>\n<meta property=\"og:site_name\" content=\"000_Test\" \/>\n<meta property=\"article:modified_time\" content=\"2022-09-20T08:00:11+00:00\" \/>\n<meta name=\"twitter:card\" content=\"summary_large_image\" \/>\n<meta name=\"twitter:label1\" content=\"Gesch\u00e4tzte Lesezeit\" \/>\n\t<meta name=\"twitter:data1\" content=\"8\u00a0Minuten\" \/>\n<script type=\"application\/ld+json\" class=\"yoast-schema-graph\">{\"@context\":\"https:\\\/\\\/schema.org\",\"@graph\":[{\"@type\":\"WebPage\",\"@id\":\"https:\\\/\\\/spdbb.site\\\/panketal-spd\\\/datenschutz\\\/\",\"url\":\"https:\\\/\\\/spdbb.site\\\/panketal-spd\\\/datenschutz\\\/\",\"name\":\"Datenschutz - 000_Test\",\"isPartOf\":{\"@id\":\"https:\\\/\\\/spdbb.site\\\/panketal-spd\\\/#website\"},\"datePublished\":\"2022-03-17T09:50:12+00:00\",\"dateModified\":\"2022-09-20T08:00:11+00:00\",\"breadcrumb\":{\"@id\":\"https:\\\/\\\/spdbb.site\\\/panketal-spd\\\/datenschutz\\\/#breadcrumb\"},\"inLanguage\":\"de\",\"potentialAction\":[{\"@type\":\"ReadAction\",\"target\":[\"https:\\\/\\\/spdbb.site\\\/panketal-spd\\\/datenschutz\\\/\"]}]},{\"@type\":\"BreadcrumbList\",\"@id\":\"https:\\\/\\\/spdbb.site\\\/panketal-spd\\\/datenschutz\\\/#breadcrumb\",\"itemListElement\":[{\"@type\":\"ListItem\",\"position\":1,\"name\":\"Home\",\"item\":\"https:\\\/\\\/spdbb.site\\\/panketal-spd\\\/\"},{\"@type\":\"ListItem\",\"position\":2,\"name\":\"Datenschutz\"}]},{\"@type\":\"WebSite\",\"@id\":\"https:\\\/\\\/spdbb.site\\\/panketal-spd\\\/#website\",\"url\":\"https:\\\/\\\/spdbb.site\\\/panketal-spd\\\/\",\"name\":\"000_Test\",\"description\":\"Sozialdemokratische Partei Deutschlands\",\"potentialAction\":[{\"@type\":\"SearchAction\",\"target\":{\"@type\":\"EntryPoint\",\"urlTemplate\":\"https:\\\/\\\/spdbb.site\\\/panketal-spd\\\/?s={search_term_string}\"},\"query-input\":{\"@type\":\"PropertyValueSpecification\",\"valueRequired\":true,\"valueName\":\"search_term_string\"}}],\"inLanguage\":\"de\"}]}<\/script>\n<!-- \/ Yoast SEO plugin. -->","yoast_head_json":{"title":"Datenschutz - 000_Test","robots":{"index":"index","follow":"follow","max-snippet":"max-snippet:-1","max-image-preview":"max-image-preview:large","max-video-preview":"max-video-preview:-1"},"canonical":"https:\/\/spdbb.site\/panketal-spd\/datenschutz\/","og_locale":"de_DE","og_type":"article","og_title":"Datenschutz - 000_Test","og_description":"1. WIR SIND VERANTWORTLICH F\u00dcR IHRE DATEN. Als Besucher*in unserer Website erwarten Sie nicht nur von unserer politischen Arbeit, sondern...","og_url":"https:\/\/spdbb.site\/panketal-spd\/datenschutz\/","og_site_name":"000_Test","article_modified_time":"2022-09-20T08:00:11+00:00","twitter_card":"summary_large_image","twitter_misc":{"Gesch\u00e4tzte Lesezeit":"8\u00a0Minuten"},"schema":{"@context":"https:\/\/schema.org","@graph":[{"@type":"WebPage","@id":"https:\/\/spdbb.site\/panketal-spd\/datenschutz\/","url":"https:\/\/spdbb.site\/panketal-spd\/datenschutz\/","name":"Datenschutz - 000_Test","isPartOf":{"@id":"https:\/\/spdbb.site\/panketal-spd\/#website"},"datePublished":"2022-03-17T09:50:12+00:00","dateModified":"2022-09-20T08:00:11+00:00","breadcrumb":{"@id":"https:\/\/spdbb.site\/panketal-spd\/datenschutz\/#breadcrumb"},"inLanguage":"de","potentialAction":[{"@type":"ReadAction","target":["https:\/\/spdbb.site\/panketal-spd\/datenschutz\/"]}]},{"@type":"BreadcrumbList","@id":"https:\/\/spdbb.site\/panketal-spd\/datenschutz\/#breadcrumb","itemListElement":[{"@type":"ListItem","position":1,"name":"Home","item":"https:\/\/spdbb.site\/panketal-spd\/"},{"@type":"ListItem","position":2,"name":"Datenschutz"}]},{"@type":"WebSite","@id":"https:\/\/spdbb.site\/panketal-spd\/#website","url":"https:\/\/spdbb.site\/panketal-spd\/","name":"000_Test","description":"Sozialdemokratische Partei Deutschlands","potentialAction":[{"@type":"SearchAction","target":{"@type":"EntryPoint","urlTemplate":"https:\/\/spdbb.site\/panketal-spd\/?s={search_term_string}"},"query-input":{"@type":"PropertyValueSpecification","valueRequired":true,"valueName":"search_term_string"}}],"inLanguage":"de"}]}},"_links":{"self":[{"href":"https:\/\/spdbb.site\/panketal-spd\/wp-json\/wp\/v2\/pages\/22","targetHints":{"allow":["GET"]}}],"collection":[{"href":"https:\/\/spdbb.site\/panketal-spd\/wp-json\/wp\/v2\/pages"}],"about":[{"href":"https:\/\/spdbb.site\/panketal-spd\/wp-json\/wp\/v2\/types\/page"}],"author":[{"embeddable":true,"href":"https:\/\/spdbb.site\/panketal-spd\/wp-json\/wp\/v2\/users\/1"}],"replies":[{"embeddable":true,"href":"https:\/\/spdbb.site\/panketal-spd\/wp-json\/wp\/v2\/comments?post=22"}],"version-history":[{"count":15,"href":"https:\/\/spdbb.site\/panketal-spd\/wp-json\/wp\/v2\/pages\/22\/revisions"}],"predecessor-version":[{"id":1039,"href":"https:\/\/spdbb.site\/panketal-spd\/wp-json\/wp\/v2\/pages\/22\/revisions\/1039"}],"wp:attachment":[{"href":"https:\/\/spdbb.site\/panketal-spd\/wp-json\/wp\/v2\/media?parent=22"}],"curies":[{"name":"wp","href":"https:\/\/api.w.org\/{rel}","templated":true}]}}